{"id":9301,"date":"2024-01-18T19:31:02","date_gmt":"2024-01-18T19:31:02","guid":{"rendered":"http:\/\/www.nms-fuerstenfeld.at\/wordpress\/?page_id=9301"},"modified":"2024-01-20T14:22:17","modified_gmt":"2024-01-20T14:22:17","slug":"schuelerzeitung","status":"publish","type":"page","link":"http:\/\/www.nms-fuerstenfeld.at\/wordpress\/?page_id=9301","title":{"rendered":"Sch\u00fclerzeitung"},"content":{"rendered":"\n<p>Von Sch\u00fclerInnen f\u00fcr Sch\u00fclerInnen! &#8230; hier gehts zur ersten und aktuellen Ausgabe:<\/p>\n<table style=\"border-collapse: collapse; width: 100%;\">\n<tbody>\n<tr>\n<td style=\"width: 50%;\"><a href=\"http:\/\/www.nms-fuerstenfeld.at\/wordpress\/wp-content\/uploads\/2024\/01\/Schulzeitung_SJ23-24_Ausgabe_1.pdf\"><img decoding=\"async\" loading=\"lazy\" class=\"aligncenter wp-image-9321 size-full\" src=\"http:\/\/www.nms-fuerstenfeld.at\/wordpress\/wp-content\/uploads\/2024\/01\/MSSN_akutelle_Ausgabe.jpg\" alt=\"\" width=\"808\" height=\"473\" srcset=\"http:\/\/www.nms-fuerstenfeld.at\/wordpress\/wp-content\/uploads\/2024\/01\/MSSN_akutelle_Ausgabe.jpg 808w, http:\/\/www.nms-fuerstenfeld.at\/wordpress\/wp-content\/uploads\/2024\/01\/MSSN_akutelle_Ausgabe-300x176.jpg 300w, http:\/\/www.nms-fuerstenfeld.at\/wordpress\/wp-content\/uploads\/2024\/01\/MSSN_akutelle_Ausgabe-768x450.jpg 768w\" sizes=\"(max-width: 808px) 100vw, 808px\" \/><\/a><\/td>\n<td style=\"width: 50%; text-align: center;\"><a href=\"http:\/\/www.nms-fuerstenfeld.at\/wordpress\/wp-content\/uploads\/2024\/01\/Schulzeitung_SJ23-24_Ausgabe_1.pdf\" data-wplink-edit=\"true\">Schulzeitung_SJ23-24_Ausgabe_1<\/a><\/td>\n<\/tr>\n<\/tbody>\n<\/table>\n<p>Alle Ausgaben auf einem Blick &#8211; hier gehts zum <a href=\"_wp_link_placeholder\" data-wplink-edit=\"true\">Zeitungsarchiv<\/a>:<\/p>\n<p><a href=\"https:\/\/nmsff-my.sharepoint.com\/:f:\/g\/personal\/jochen_hafner_msfuerstenfeld_stmk_schule1\/EguX11rrpRhJm2Z73cG34AABgOOZEiQlod8MeCAuvAW_Vw?e=uj0c5y\"><img decoding=\"async\" loading=\"lazy\" class=\"aligncenter wp-image-9322 size-full\" src=\"http:\/\/www.nms-fuerstenfeld.at\/wordpress\/wp-content\/uploads\/2024\/01\/MSSN_Archiv.jpg\" alt=\"\" width=\"798\" height=\"455\" srcset=\"http:\/\/www.nms-fuerstenfeld.at\/wordpress\/wp-content\/uploads\/2024\/01\/MSSN_Archiv.jpg 798w, http:\/\/www.nms-fuerstenfeld.at\/wordpress\/wp-content\/uploads\/2024\/01\/MSSN_Archiv-300x171.jpg 300w, http:\/\/www.nms-fuerstenfeld.at\/wordpress\/wp-content\/uploads\/2024\/01\/MSSN_Archiv-768x438.jpg 768w\" sizes=\"(max-width: 798px) 100vw, 798px\" \/><\/a><\/p>\n<p>&nbsp;<\/p>\n<p>&nbsp;<\/p>\n\n\n","protected":false},"excerpt":{"rendered":"<p>Von Sch\u00fclerInnen f\u00fcr Sch\u00fclerInnen! &#8230; hier gehts zur ersten und aktuellen Ausgabe: Schulzeitung_SJ23-24_Ausgabe_1 Alle Ausgaben auf einem Blick &#8211; hier<\/p>\n","protected":false},"author":1,"featured_media":0,"parent":0,"menu_order":0,"comment_status":"closed","ping_status":"closed","template":"","meta":{"ngg_post_thumbnail":0,"jetpack_post_was_ever_published":false},"jetpack_sharing_enabled":true,"jetpack_shortlink":"https:\/\/wp.me\/P9Zssw-2q1","_links":{"self":[{"href":"http:\/\/www.nms-fuerstenfeld.at\/wordpress\/index.php?rest_route=\/wp\/v2\/pages\/9301"}],"collection":[{"href":"http:\/\/www.nms-fuerstenfeld.at\/wordpress\/index.php?rest_route=\/wp\/v2\/pages"}],"about":[{"href":"http:\/\/www.nms-fuerstenfeld.at\/wordpress\/index.php?rest_route=\/wp\/v2\/types\/page"}],"author":[{"embeddable":true,"href":"http:\/\/www.nms-fuerstenfeld.at\/wordpress\/index.php?rest_route=\/wp\/v2\/users\/1"}],"replies":[{"embeddable":true,"href":"http:\/\/www.nms-fuerstenfeld.at\/wordpress\/index.php?rest_route=%2Fwp%2Fv2%2Fcomments&post=9301"}],"version-history":[{"count":5,"href":"http:\/\/www.nms-fuerstenfeld.at\/wordpress\/index.php?rest_route=\/wp\/v2\/pages\/9301\/revisions"}],"predecessor-version":[{"id":9327,"href":"http:\/\/www.nms-fuerstenfeld.at\/wordpress\/index.php?rest_route=\/wp\/v2\/pages\/9301\/revisions\/9327"}],"wp:attachment":[{"href":"http:\/\/www.nms-fuerstenfeld.at\/wordpress\/index.php?rest_route=%2Fwp%2Fv2%2Fmedia&parent=9301"}],"curies":[{"name":"wp","href":"https:\/\/api.w.org\/{rel}","templated":true}]}}