{"id":8497,"date":"2021-01-10T18:15:57","date_gmt":"2021-01-10T18:15:57","guid":{"rendered":"http:\/\/www.nms-fuerstenfeld.at\/wordpress\/?page_id=8497"},"modified":"2023-12-10T19:05:54","modified_gmt":"2023-12-10T19:05:54","slug":"stundentafel","status":"publish","type":"page","link":"http:\/\/www.nms-fuerstenfeld.at\/wordpress\/?page_id=8497","title":{"rendered":"Stundentafel"},"content":{"rendered":"\n<figure class=\"wp-block-image size-full\"><a href=\"http:\/\/www.nms-fuerstenfeld.at\/wordpress\/wp-content\/uploads\/2023\/12\/Stundentafel_10.12.2023.png\"><img decoding=\"async\" loading=\"lazy\" width=\"550\" height=\"788\" src=\"http:\/\/www.nms-fuerstenfeld.at\/wordpress\/wp-content\/uploads\/2023\/12\/Stundentafel_10.12.2023.png\" alt=\"\" class=\"wp-image-9285\" srcset=\"http:\/\/www.nms-fuerstenfeld.at\/wordpress\/wp-content\/uploads\/2023\/12\/Stundentafel_10.12.2023.png 550w, http:\/\/www.nms-fuerstenfeld.at\/wordpress\/wp-content\/uploads\/2023\/12\/Stundentafel_10.12.2023-209x300.png 209w\" sizes=\"(max-width: 550px) 100vw, 550px\" \/><\/a><\/figure>\n\n\n\n<p><strong>* MINT<\/strong> (Mathematik, Informatik, Naturwissenschaft &amp; Technik)<br>** <strong>Wahlfach Sport:<\/strong> Basketball, Fu\u00dfball, Volleyball, Tennis oder Sport allgemein<\/p>\n\n\n\n<p>N\u00e4here Informationen zu den Wahlpflichtf\u00e4chern (7. &amp; 8. Schulstufe) finden Sie unter dem Men\u00fcpunkt <a rel=\"noreferrer noopener\" aria-label=\"P\u00e4dagogisches Konzept (opens in a new tab)\" href=\"http:\/\/www.nms-fuerstenfeld.at\/wordpress\/?page_id=6622\" target=\"_blank\">P\u00e4dagogisches Konzept<\/a>.<\/p>\n\n\n\n<p><\/p>\n","protected":false},"excerpt":{"rendered":"<p>* MINT (Mathematik, Informatik, Naturwissenschaft &amp; Technik)** Wahlfach Sport: Basketball, Fu\u00dfball, Volleyball, Tennis oder Sport allgemein N\u00e4here Informationen zu den<\/p>\n","protected":false},"author":1,"featured_media":0,"parent":0,"menu_order":0,"comment_status":"closed","ping_status":"closed","template":"","meta":{"ngg_post_thumbnail":0,"jetpack_post_was_ever_published":false},"jetpack_sharing_enabled":true,"jetpack_shortlink":"https:\/\/wp.me\/P9Zssw-2d3","_links":{"self":[{"href":"http:\/\/www.nms-fuerstenfeld.at\/wordpress\/index.php?rest_route=\/wp\/v2\/pages\/8497"}],"collection":[{"href":"http:\/\/www.nms-fuerstenfeld.at\/wordpress\/index.php?rest_route=\/wp\/v2\/pages"}],"about":[{"href":"http:\/\/www.nms-fuerstenfeld.at\/wordpress\/index.php?rest_route=\/wp\/v2\/types\/page"}],"author":[{"embeddable":true,"href":"http:\/\/www.nms-fuerstenfeld.at\/wordpress\/index.php?rest_route=\/wp\/v2\/users\/1"}],"replies":[{"embeddable":true,"href":"http:\/\/www.nms-fuerstenfeld.at\/wordpress\/index.php?rest_route=%2Fwp%2Fv2%2Fcomments&post=8497"}],"version-history":[{"count":6,"href":"http:\/\/www.nms-fuerstenfeld.at\/wordpress\/index.php?rest_route=\/wp\/v2\/pages\/8497\/revisions"}],"predecessor-version":[{"id":9287,"href":"http:\/\/www.nms-fuerstenfeld.at\/wordpress\/index.php?rest_route=\/wp\/v2\/pages\/8497\/revisions\/9287"}],"wp:attachment":[{"href":"http:\/\/www.nms-fuerstenfeld.at\/wordpress\/index.php?rest_route=%2Fwp%2Fv2%2Fmedia&parent=8497"}],"curies":[{"name":"wp","href":"https:\/\/api.w.org\/{rel}","templated":true}]}}