{"id":7562,"date":"2018-06-27T18:31:57","date_gmt":"2018-06-27T18:31:57","guid":{"rendered":"http:\/\/www.nms-fuerstenfeld.at\/wordpress\/?page_id=7562"},"modified":"2018-06-27T19:27:17","modified_gmt":"2018-06-27T19:27:17","slug":"peer-group","status":"publish","type":"page","link":"http:\/\/www.nms-fuerstenfeld.at\/wordpress\/?page_id=7562","title":{"rendered":"Peer-Group"},"content":{"rendered":"<p>&nbsp;<\/p>\n<p class=\"Default\" style=\"text-align: justify;\"><span style=\"font-size: 14pt; color: #00b0f0;\"><strong><span style=\"font-family: arial, helvetica, sans-serif;\">Peer Projekt \u2013 Allgemein<\/span><\/strong><\/span><\/p>\n<p class=\"Default\" style=\"text-align: justify;\"><span style=\"font-family: arial, helvetica, sans-serif;\">Ab dem Schuljahr 2018\/19 gibt es an der NMS F\u00fcrstenfeld ein Peer Projekt. Sch\u00fclerInnen der 4. Klassen unterst\u00fctzen die Sch\u00fclerInnen der 1. Klasse.&nbsp;Durch das ganze Schuljahr begleiten die \u201ePaten\/Patinnen\u201c die j\u00fcngeren Mitsch\u00fclerInnen, als Ansprechperson, zur Unterst\u00fctzung und zur L\u00f6sung von Konflikten und Problemen.<\/span><\/p>\n<p class=\"Default\" style=\"text-align: justify;\"><span style=\"font-family: arial, helvetica, sans-serif;\">Das Projekt baut auf Studien aus der \u201ePeergroup-Education&#8220; auf die belegen, dass Ideen und Vorschl\u00e4ge zur Probleml\u00f6sung von Gleichaltrigen (\u201ePeers&#8220;) eher akzeptiert werden, als die von Eltern, PsychologInnen oder LehrerInnen. Unterst\u00fctzt und begleitet wird es von unserer Beratungslehrerin Sigrid Smeh und unserer Schulsozialarbeiterin Susanne Reiter, die sich auch f\u00fcr die notwendige Vorbereitung verantwortlich zeichnen.<\/span><\/p>\n<p>&nbsp;<\/p>\n<p><a href=\"http:\/\/www.nms-fuerstenfeld.at\/wordpress\/wp-content\/uploads\/2018\/06\/peergroup1.png\"><img decoding=\"async\" loading=\"lazy\" class=\"aligncenter wp-image-7565 size-large\" src=\"http:\/\/www.nms-fuerstenfeld.at\/wordpress\/wp-content\/uploads\/2018\/06\/peergroup1-1024x768.png\" alt=\"\" width=\"800\" height=\"600\" srcset=\"http:\/\/www.nms-fuerstenfeld.at\/wordpress\/wp-content\/uploads\/2018\/06\/peergroup1.png 1024w, http:\/\/www.nms-fuerstenfeld.at\/wordpress\/wp-content\/uploads\/2018\/06\/peergroup1-300x225.png 300w, http:\/\/www.nms-fuerstenfeld.at\/wordpress\/wp-content\/uploads\/2018\/06\/peergroup1-768x576.png 768w\" sizes=\"(max-width: 800px) 100vw, 800px\" \/><\/a><\/p>\n<p>&nbsp;<\/p>\n<p>&nbsp;<\/p>\n<p class=\"Default\" style=\"text-align: justify;\"><span style=\"color: #00b0f0;\"><strong><span style=\"font-family: arial, helvetica, sans-serif; font-size: 14pt;\">Peer Projekt 2017\/18<\/span><\/strong><\/span><\/p>\n<p class=\"Default\" style=\"text-align: justify;\"><span style=\"font-family: arial, helvetica, sans-serif;\">14 Sch\u00fclerInnen haben in den letzten Schulwochen die Ausbildung zum Peer beendet. Sie haben sich freiwillig dazu entschlossen, n\u00e4chstes Schuljahr die Sch\u00fclerInnen der 1. Klasse zu begleiten und w\u00e4hrend des gesamten Schuljahres als Ansprechperson zur Verf\u00fcgung zu stehen. In mehreren Seminaren wurden mit Beratungslehrerin Sigrid Smeh und Schulsozialarbeiterin Susanne Reiter Kompetenzen in der Konfliktl\u00f6sung, Kommunikation und Spielmethodik erweitert. Alle beteiligten hatten gro\u00dfe Freude sich in Rollenspielen zu erproben, Gruppendynamische Prozesse mitzuerleben und neue Spiele auszuprobieren.<\/span><\/p>\n<p class=\"Default\" style=\"text-align: justify;\"><span style=\"font-family: arial, helvetica, sans-serif;\">Die Vorbereitung der Kennenlerntage im neuen Schuljahr ist abgeschlossen. Den Sch\u00fclerInnen der 1. Klassen wird ein abwechslungsreiches Programm geboten. Wir sind au\u00dferordentlich vom Engagement der Sch\u00fclerInnen, w\u00e4hrend der gesamten Vorbereitungszeit, begeistert und freuen uns auf einen guten Start ins n\u00e4chste Schuljahr.<\/span><\/p>\n<p>&nbsp;<\/p>\n<p><a href=\"http:\/\/www.nms-fuerstenfeld.at\/wordpress\/wp-content\/uploads\/2018\/06\/peergroup2.png\"><img decoding=\"async\" loading=\"lazy\" class=\"aligncenter wp-image-7566 size-large\" src=\"http:\/\/www.nms-fuerstenfeld.at\/wordpress\/wp-content\/uploads\/2018\/06\/peergroup2-1024x768.png\" alt=\"\" width=\"800\" height=\"600\" srcset=\"http:\/\/www.nms-fuerstenfeld.at\/wordpress\/wp-content\/uploads\/2018\/06\/peergroup2.png 1024w, http:\/\/www.nms-fuerstenfeld.at\/wordpress\/wp-content\/uploads\/2018\/06\/peergroup2-300x225.png 300w, http:\/\/www.nms-fuerstenfeld.at\/wordpress\/wp-content\/uploads\/2018\/06\/peergroup2-768x576.png 768w\" sizes=\"(max-width: 800px) 100vw, 800px\" \/><\/a><\/p>\n","protected":false},"excerpt":{"rendered":"<p>&nbsp; Peer Projekt \u2013 Allgemein Ab dem Schuljahr 2018\/19 gibt es an der NMS F\u00fcrstenfeld ein Peer Projekt. Sch\u00fclerInnen der<\/p>\n","protected":false},"author":1,"featured_media":0,"parent":0,"menu_order":0,"comment_status":"closed","ping_status":"closed","template":"","meta":{"ngg_post_thumbnail":0,"jetpack_post_was_ever_published":false},"jetpack_sharing_enabled":true,"jetpack_shortlink":"https:\/\/wp.me\/P9Zssw-1XY","_links":{"self":[{"href":"http:\/\/www.nms-fuerstenfeld.at\/wordpress\/index.php?rest_route=\/wp\/v2\/pages\/7562"}],"collection":[{"href":"http:\/\/www.nms-fuerstenfeld.at\/wordpress\/index.php?rest_route=\/wp\/v2\/pages"}],"about":[{"href":"http:\/\/www.nms-fuerstenfeld.at\/wordpress\/index.php?rest_route=\/wp\/v2\/types\/page"}],"author":[{"embeddable":true,"href":"http:\/\/www.nms-fuerstenfeld.at\/wordpress\/index.php?rest_route=\/wp\/v2\/users\/1"}],"replies":[{"embeddable":true,"href":"http:\/\/www.nms-fuerstenfeld.at\/wordpress\/index.php?rest_route=%2Fwp%2Fv2%2Fcomments&post=7562"}],"version-history":[{"count":4,"href":"http:\/\/www.nms-fuerstenfeld.at\/wordpress\/index.php?rest_route=\/wp\/v2\/pages\/7562\/revisions"}],"predecessor-version":[{"id":7569,"href":"http:\/\/www.nms-fuerstenfeld.at\/wordpress\/index.php?rest_route=\/wp\/v2\/pages\/7562\/revisions\/7569"}],"wp:attachment":[{"href":"http:\/\/www.nms-fuerstenfeld.at\/wordpress\/index.php?rest_route=%2Fwp%2Fv2%2Fmedia&parent=7562"}],"curies":[{"name":"wp","href":"https:\/\/api.w.org\/{rel}","templated":true}]}}