{"id":7459,"date":"2018-06-19T12:22:32","date_gmt":"2018-06-19T12:22:32","guid":{"rendered":"http:\/\/www.nms-fuerstenfeld.at\/wordpress\/?page_id=7459"},"modified":"2018-06-19T12:58:59","modified_gmt":"2018-06-19T12:58:59","slug":"ablauf-und-betreuungszeiten","status":"publish","type":"page","link":"http:\/\/www.nms-fuerstenfeld.at\/wordpress\/?page_id=7459","title":{"rendered":"Ablauf und Betreuungszeiten"},"content":{"rendered":"<p>&nbsp;<\/p>\n<p style=\"text-align: center;\"><span style=\"font-family: arial, helvetica, sans-serif;\">W\u00e4hrend des Schuljahres werden die Sch\u00fclerinnen und Sch\u00fcler von&nbsp;<\/span><\/p>\n<p style=\"text-align: center;\"><span style=\"font-size: 24pt; color: #00b0f0;\"><strong><span style=\"font-family: arial, helvetica, sans-serif;\">Montag bis Freitag von 12:30 &#8211; 17:00 Uhr&nbsp;<\/span><\/strong><\/span><\/p>\n<p style=\"text-align: center;\"><span style=\"font-family: arial, helvetica, sans-serif;\">betreut. Zu regul\u00e4ren Ferienzeiten ist die Nachmittagsbetreuung geschlossen. An schulautonomen Tagen bieten wir bei Bedarf flexible L\u00f6sungen an.<\/span><\/p>\n<p style=\"text-align: center;\">&nbsp;<\/p>\n<p style=\"text-align: center;\"><span style=\"font-size: 24pt;\"><strong><span style=\"font-family: arial, helvetica, sans-serif;\">Nachmittagsablauf:<\/span><\/strong><\/span><\/p>\n<p><a href=\"http:\/\/www.nms-fuerstenfeld.at\/wordpress\/wp-content\/uploads\/2018\/06\/betreuungszeiten_galileo.png\"><img decoding=\"async\" loading=\"lazy\" class=\"aligncenter wp-image-7460 size-full\" src=\"http:\/\/www.nms-fuerstenfeld.at\/wordpress\/wp-content\/uploads\/2018\/06\/betreuungszeiten_galileo.png\" alt=\"\" width=\"694\" height=\"355\" srcset=\"http:\/\/www.nms-fuerstenfeld.at\/wordpress\/wp-content\/uploads\/2018\/06\/betreuungszeiten_galileo.png 694w, http:\/\/www.nms-fuerstenfeld.at\/wordpress\/wp-content\/uploads\/2018\/06\/betreuungszeiten_galileo-300x153.png 300w\" sizes=\"(max-width: 694px) 100vw, 694px\" \/><\/a><\/p>\n<p>&nbsp;<\/p>\n","protected":false},"excerpt":{"rendered":"<p>&nbsp; W\u00e4hrend des Schuljahres werden die Sch\u00fclerinnen und Sch\u00fcler von&nbsp; Montag bis Freitag von 12:30 &#8211; 17:00 Uhr&nbsp; betreut. Zu<\/p>\n","protected":false},"author":1,"featured_media":0,"parent":0,"menu_order":0,"comment_status":"closed","ping_status":"closed","template":"","meta":{"ngg_post_thumbnail":0,"jetpack_post_was_ever_published":false},"jetpack_sharing_enabled":true,"jetpack_shortlink":"https:\/\/wp.me\/P9Zssw-1Wj","_links":{"self":[{"href":"http:\/\/www.nms-fuerstenfeld.at\/wordpress\/index.php?rest_route=\/wp\/v2\/pages\/7459"}],"collection":[{"href":"http:\/\/www.nms-fuerstenfeld.at\/wordpress\/index.php?rest_route=\/wp\/v2\/pages"}],"about":[{"href":"http:\/\/www.nms-fuerstenfeld.at\/wordpress\/index.php?rest_route=\/wp\/v2\/types\/page"}],"author":[{"embeddable":true,"href":"http:\/\/www.nms-fuerstenfeld.at\/wordpress\/index.php?rest_route=\/wp\/v2\/users\/1"}],"replies":[{"embeddable":true,"href":"http:\/\/www.nms-fuerstenfeld.at\/wordpress\/index.php?rest_route=%2Fwp%2Fv2%2Fcomments&post=7459"}],"version-history":[{"count":2,"href":"http:\/\/www.nms-fuerstenfeld.at\/wordpress\/index.php?rest_route=\/wp\/v2\/pages\/7459\/revisions"}],"predecessor-version":[{"id":7468,"href":"http:\/\/www.nms-fuerstenfeld.at\/wordpress\/index.php?rest_route=\/wp\/v2\/pages\/7459\/revisions\/7468"}],"wp:attachment":[{"href":"http:\/\/www.nms-fuerstenfeld.at\/wordpress\/index.php?rest_route=%2Fwp%2Fv2%2Fmedia&parent=7459"}],"curies":[{"name":"wp","href":"https:\/\/api.w.org\/{rel}","templated":true}]}}